{"id":16328,"date":"2021-10-03T06:31:52","date_gmt":"2021-10-03T05:31:52","guid":{"rendered":"https:\/\/jungleup.io\/blog\/"},"modified":"2023-07-05T13:44:57","modified_gmt":"2023-07-05T12:44:57","slug":"blog","status":"publish","type":"page","link":"https:\/\/jungleup.io\/es\/blog\/","title":{"rendered":"Blog"},"content":{"rendered":"\t\t<div data-elementor-type=\"wp-page\" data-elementor-id=\"16328\" class=\"elementor elementor-16328 elementor-2807\">\n\t\t\t\t\t\t<section class=\"elementor-section elementor-top-section elementor-element elementor-element-3304fc3 elementor-section-boxed elementor-section-height-default elementor-section-height-default\" data-id=\"3304fc3\" data-element_type=\"section\">\n\t\t\t\t\t\t<div class=\"elementor-container elementor-column-gap-default\">\n\t\t\t\t\t<div class=\"elementor-column elementor-col-100 elementor-top-column elementor-element elementor-element-66829ad\" data-id=\"66829ad\" data-element_type=\"column\">\n\t\t\t<div class=\"elementor-widget-wrap elementor-element-populated\">\n\t\t\t\t\t\t<div class=\"elementor-element elementor-element-1e8ece0 rounded_item_yes elementor-widget elementor-widget-gt3-core-blog-packery\" data-id=\"1e8ece0\" data-element_type=\"widget\" data-widget_type=\"gt3-core-blog-packery.default\">\n\t\t\t\t<div class=\"elementor-widget-container\">\n\t\t\t\t<div class=\"isotope_wrapper packery_type_1\" data-post-index=\"7\">\r\n\t\t<div class=\"blog_post_preview isotope_item  packery_extra_size-default  render_index_1   loading lazy_loading format-standard \"><div class=\"item_wrapper\"><div class=\"gt3_blog_packery__img_wrap\"><div class=\"gt3_blog_packery__img\"><a href=\"https:\/\/jungleup.io\/es\/la-plataforma-de-intercambio-de-enlaces-jungleup\/\"><div class=\"gt3_blog_packery__image-placeholder gt3_lazyload__placeholder\" style=\"padding-bottom:120%;background-color:#307A65;\"><\/div><img decoding=\"async\"  data-srcset=\"https:\/\/jungleup.io\/wp-content\/uploads\/2022\/08\/jungleup03-scaled-1200x1440.jpg 1200w, https:\/\/jungleup.io\/wp-content\/uploads\/2022\/08\/jungleup03-scaled-670x804.jpg 670w, https:\/\/jungleup.io\/wp-content\/uploads\/2022\/08\/jungleup03-scaled-640x768.jpg 640w, https:\/\/jungleup.io\/wp-content\/uploads\/2022\/08\/jungleup03-scaled-540x648.jpg 540w, https:\/\/jungleup.io\/wp-content\/uploads\/2022\/08\/jungleup03-scaled-400x480.jpg 400w, https:\/\/jungleup.io\/wp-content\/uploads\/2022\/08\/jungleup03-scaled-496x595.jpg 496w, https:\/\/jungleup.io\/wp-content\/uploads\/2022\/08\/jungleup03-scaled-384x460.jpg 384w, https:\/\/jungleup.io\/wp-content\/uploads\/2022\/08\/jungleup03-scaled-600x720.jpg 600w,https:\/\/jungleup.io\/wp-content\/uploads\/2022\/08\/jungleup03-scaled-420x504.jpg 420w\" data-src=\"https:\/\/jungleup.io\/wp-content\/uploads\/2022\/08\/jungleup03-scaled-540x648.jpg\" data-sizes=\"(min-width: 2000px) 1200px, (min-width: 1920px) 670px, (min-width: 1620px) 640px, (min-width: 1200px) 540px, (min-width: 992px) 400px, (min-width: 768px) 496px, (min-width: 600px) 384px, (min-width: 420px) 600px, (max-width: 600px) 420px\" src=\"data:image\/gif;base64,R0lGODlhAQABAIAAAAAAAP\/\/\/yH5BAEAAAAALAAAAAABAAEAAAIBRAA7\" title=\"La plataforma de intercambio de enlaces JungleUp\" alt=\"\"  class=\"gt3_lazyload\"\/><\/a><\/div><\/div><div class=\"gt3_blog_packery__text_wrap\"><div class=\"listing_meta\"><span class=\"post_date\"><a href=\"https:\/\/jungleup.io\/es\/la-plataforma-de-intercambio-de-enlaces-jungleup\/\">abril 11, 2023<\/a><\/span><span class=\"post_author\"><a href=\"https:\/\/jungleup.io\/es\/author\/jungleup\/\">Jungle Up<\/a><\/span><\/div><h3 class=\"blogpost_title\"><a href=\"https:\/\/jungleup.io\/es\/la-plataforma-de-intercambio-de-enlaces-jungleup\/\">La plataforma de intercambio de enlaces JungleUp<\/a><\/h3><div class=\"blog_item_description\">Introducci\u00f3n\nEn el mundo del marketing en l\u00ednea, la visibilidad es un factor clave para el \u00e9xito de un sitio web. Y...<\/div><div class='gt3_blog_packery__post_footer'><div class=\"gt3_module_button_list\"><a href=\"https:\/\/jungleup.io\/es\/la-plataforma-de-intercambio-de-enlaces-jungleup\/\">Read More<\/a><\/div>\t\t\t<!-- post share block -->\r\n\t\t\t<div class=\"post_share_block\">\r\n\t\t\t\t<a href=\"javascript:void(0)\"><span class=\"sharing_title\">Share<\/span><\/a>\r\n\t\t\t\t<div class=\"post_share_wrap\">\r\n\t\t\t\t\t<ul>\r\n\t\t\t\t\t\t<li class=\"post_share-facebook\"><a target=\"_blank\" href=\"https:\/\/www.facebook.com\/share.php?u=https:\/\/jungleup.io\/es\/la-plataforma-de-intercambio-de-enlaces-jungleup\/\"><span class=\"fa fa-facebook\"><\/span><\/a><\/li><li class=\"post_share-twitter\"><a target=\"_blank\" href=\"https:\/\/twitter.com\/intent\/tweet?text=La%20plataforma%20de%20intercambio%20de%20enlaces%20JungleUp&#038;url=https:\/\/jungleup.io\/es\/la-plataforma-de-intercambio-de-enlaces-jungleup\/\"><span class=\"fa fa-twitter\"><\/span><\/a><\/li><li class=\"post_share-linkedin\"><a target=\"_blank\" href=\"https:\/\/www.linkedin.com\/shareArticle?mini=true&#038;url=https:\/\/jungleup.io\/es\/la-plataforma-de-intercambio-de-enlaces-jungleup\/&#038;title=La%20plataforma%20de%20intercambio%20de%20enlaces%20JungleUp&#038;source=JungleUp\"><span class=\"fa fa-linkedin\"><\/span><\/a><\/li><li class=\"post_share-mail\"><a target=\"_blank\" href=\"mailto:?subject=La+plataforma+de+intercambio+de+enlaces+JungleUp&body=https:\/\/jungleup.io\/es\/la-plataforma-de-intercambio-de-enlaces-jungleup\/\"><span class=\"fa fa-envelope\"><\/span><\/a><\/li>\t\t\t\t\t<\/ul>\r\n\t\t\t\t<\/div>\r\n\t\t\t<\/div>\r\n\t\t\t<!-- \/\/post share block -->\r\n\t\t<\/div><a class='gt3_blog_packery__text_wrap_link' href='https:\/\/jungleup.io\/es\/la-plataforma-de-intercambio-de-enlaces-jungleup\/'><\/a><\/div><\/div><\/div>\t<\/div>\r\n\t<script type=\"application\/json\" id=\"settings--1e8ece0\">{\"pagination_en\":\"yes\",\"meta_author\":\"yes\",\"meta_comments\":\"yes\",\"meta_categories\":\"\",\"meta_date\":\"yes\",\"meta_sharing\":\"yes\",\"meta_position\":\"before_title\",\"packery_type\":\"1\",\"lazyload\":\"yes\",\"use_filter\":\"\",\"post_btn_link\":\"yes\",\"post_btn_link_title\":\"Read More\",\"render_index\":\"7\",\"grid_gap\":0,\"query\":{\"post_status\":[\"publish\"],\"post_type\":\"post\",\"posts_per_page\":\"7\",\"orderby\":\"date \",\"paged\":1,\"exclude\":[16324]},\"exclude\":[16324]}<\/script>\t\t<\/div>\n\t\t\t\t<\/div>\n\t\t\t\t\t<\/div>\n\t\t<\/div>\n\t\t\t\t\t<\/div>\n\t\t<\/section>\n\t\t\t\t<\/div>\n\t\t","protected":false},"excerpt":{"rendered":"<p>octobre 25, 2022mlambole Am\u00e9liorer son r\u00e9f\u00e9rencement (SEO) gr\u00e2ce au blog Pour les amateurs de la s\u00e9rie How I met your mother, vous allez forc\u00e9ment penser aux punchlines de Barney Stinson&#8230;Read More Share juillet 12, 2022Jungle Up1 comment Comment mettre en place une strat\u00e9gie d\u2019\u00e9changes de liens SEO ? Qu\u2019est-ce que l\u2019\u00e9change de liens ? \u00c9changes [&hellip;]<\/p>\n","protected":false},"author":1,"featured_media":0,"parent":0,"menu_order":0,"comment_status":"closed","ping_status":"closed","template":"","meta":{"inline_featured_image":false,"footnotes":""},"class_list":["post-16328","page","type-page","status-publish","hentry"],"yoast_head":"<!-- This site is optimized with the Yoast SEO plugin v26.8 - https:\/\/yoast.com\/product\/yoast-seo-wordpress\/ -->\n<title>Blog - JungleUp<\/title>\n<meta name=\"robots\" content=\"index, follow, max-snippet:-1, max-image-preview:large, max-video-preview:-1\" \/>\n<link rel=\"canonical\" href=\"https:\/\/jungleup.io\/es\/blog\/\" \/>\n<meta property=\"og:locale\" content=\"es_ES\" \/>\n<meta property=\"og:type\" content=\"article\" \/>\n<meta property=\"og:title\" content=\"Blog - JungleUp\" \/>\n<meta property=\"og:description\" content=\"octobre 25, 2022mlambole Am\u00e9liorer son r\u00e9f\u00e9rencement (SEO) gr\u00e2ce au blog Pour les amateurs de la s\u00e9rie How I met your mother, vous allez forc\u00e9ment penser aux punchlines de Barney Stinson&#8230;Read More Share juillet 12, 2022Jungle Up1 comment Comment mettre en place une strat\u00e9gie d\u2019\u00e9changes de liens SEO ? Qu\u2019est-ce que l\u2019\u00e9change de liens ? \u00c9changes [&hellip;]\" \/>\n<meta property=\"og:url\" content=\"https:\/\/jungleup.io\/es\/blog\/\" \/>\n<meta property=\"og:site_name\" content=\"JungleUp\" \/>\n<meta property=\"article:modified_time\" content=\"2023-07-05T12:44:57+00:00\" \/>\n<meta property=\"og:image\" content=\"https:\/\/jungleup.io\/wp-content\/uploads\/2022\/10\/ameliorer-referencement-grace-blog-540x648.jpg\" \/>\n<meta name=\"twitter:card\" content=\"summary_large_image\" \/>\n<meta name=\"twitter:label1\" content=\"Tiempo de lectura\" \/>\n\t<meta name=\"twitter:data1\" content=\"1 minuto\" \/>\n<script type=\"application\/ld+json\" class=\"yoast-schema-graph\">{\"@context\":\"https:\/\/schema.org\",\"@graph\":[{\"@type\":\"WebPage\",\"@id\":\"https:\/\/jungleup.io\/es\/blog\/\",\"url\":\"https:\/\/jungleup.io\/es\/blog\/\",\"name\":\"Blog - JungleUp\",\"isPartOf\":{\"@id\":\"https:\/\/jungleup.io\/es\/#website\"},\"primaryImageOfPage\":{\"@id\":\"https:\/\/jungleup.io\/es\/blog\/#primaryimage\"},\"image\":{\"@id\":\"https:\/\/jungleup.io\/es\/blog\/#primaryimage\"},\"thumbnailUrl\":\"https:\/\/jungleup.io\/wp-content\/uploads\/2022\/10\/ameliorer-referencement-grace-blog-540x648.jpg\",\"datePublished\":\"2021-10-03T05:31:52+00:00\",\"dateModified\":\"2023-07-05T12:44:57+00:00\",\"breadcrumb\":{\"@id\":\"https:\/\/jungleup.io\/es\/blog\/#breadcrumb\"},\"inLanguage\":\"es\",\"potentialAction\":[{\"@type\":\"ReadAction\",\"target\":[\"https:\/\/jungleup.io\/es\/blog\/\"]}]},{\"@type\":\"ImageObject\",\"inLanguage\":\"es\",\"@id\":\"https:\/\/jungleup.io\/es\/blog\/#primaryimage\",\"url\":\"https:\/\/jungleup.io\/wp-content\/uploads\/2022\/10\/ameliorer-referencement-grace-blog-540x648.jpg\",\"contentUrl\":\"https:\/\/jungleup.io\/wp-content\/uploads\/2022\/10\/ameliorer-referencement-grace-blog-540x648.jpg\"},{\"@type\":\"BreadcrumbList\",\"@id\":\"https:\/\/jungleup.io\/es\/blog\/#breadcrumb\",\"itemListElement\":[{\"@type\":\"ListItem\",\"position\":1,\"name\":\"Accueil\",\"item\":\"https:\/\/jungleup.io\/es\/\"},{\"@type\":\"ListItem\",\"position\":2,\"name\":\"Blog\"}]},{\"@type\":\"WebSite\",\"@id\":\"https:\/\/jungleup.io\/es\/#website\",\"url\":\"https:\/\/jungleup.io\/es\/\",\"name\":\"JungleUp\",\"description\":\"\",\"publisher\":{\"@id\":\"https:\/\/jungleup.io\/es\/#organization\"},\"potentialAction\":[{\"@type\":\"SearchAction\",\"target\":{\"@type\":\"EntryPoint\",\"urlTemplate\":\"https:\/\/jungleup.io\/es\/?s={search_term_string}\"},\"query-input\":{\"@type\":\"PropertyValueSpecification\",\"valueRequired\":true,\"valueName\":\"search_term_string\"}}],\"inLanguage\":\"es\"},{\"@type\":\"Organization\",\"@id\":\"https:\/\/jungleup.io\/es\/#organization\",\"name\":\"JungleUp\",\"url\":\"https:\/\/jungleup.io\/es\/\",\"logo\":{\"@type\":\"ImageObject\",\"inLanguage\":\"es\",\"@id\":\"https:\/\/jungleup.io\/es\/#\/schema\/logo\/image\/\",\"url\":\"https:\/\/jungleup.io\/wp-content\/uploads\/2022\/06\/JU-Logo-Normal.png\",\"contentUrl\":\"https:\/\/jungleup.io\/wp-content\/uploads\/2022\/06\/JU-Logo-Normal.png\",\"width\":4825,\"height\":1650,\"caption\":\"JungleUp\"},\"image\":{\"@id\":\"https:\/\/jungleup.io\/es\/#\/schema\/logo\/image\/\"}}]}<\/script>\n<!-- \/ Yoast SEO plugin. -->","yoast_head_json":{"title":"Blog - JungleUp","robots":{"index":"index","follow":"follow","max-snippet":"max-snippet:-1","max-image-preview":"max-image-preview:large","max-video-preview":"max-video-preview:-1"},"canonical":"https:\/\/jungleup.io\/es\/blog\/","og_locale":"es_ES","og_type":"article","og_title":"Blog - JungleUp","og_description":"octobre 25, 2022mlambole Am\u00e9liorer son r\u00e9f\u00e9rencement (SEO) gr\u00e2ce au blog Pour les amateurs de la s\u00e9rie How I met your mother, vous allez forc\u00e9ment penser aux punchlines de Barney Stinson&#8230;Read More Share juillet 12, 2022Jungle Up1 comment Comment mettre en place une strat\u00e9gie d\u2019\u00e9changes de liens SEO ? Qu\u2019est-ce que l\u2019\u00e9change de liens ? \u00c9changes [&hellip;]","og_url":"https:\/\/jungleup.io\/es\/blog\/","og_site_name":"JungleUp","article_modified_time":"2023-07-05T12:44:57+00:00","og_image":[{"url":"https:\/\/jungleup.io\/wp-content\/uploads\/2022\/10\/ameliorer-referencement-grace-blog-540x648.jpg","type":"","width":"","height":""}],"twitter_card":"summary_large_image","twitter_misc":{"Tiempo de lectura":"1 minuto"},"schema":{"@context":"https:\/\/schema.org","@graph":[{"@type":"WebPage","@id":"https:\/\/jungleup.io\/es\/blog\/","url":"https:\/\/jungleup.io\/es\/blog\/","name":"Blog - JungleUp","isPartOf":{"@id":"https:\/\/jungleup.io\/es\/#website"},"primaryImageOfPage":{"@id":"https:\/\/jungleup.io\/es\/blog\/#primaryimage"},"image":{"@id":"https:\/\/jungleup.io\/es\/blog\/#primaryimage"},"thumbnailUrl":"https:\/\/jungleup.io\/wp-content\/uploads\/2022\/10\/ameliorer-referencement-grace-blog-540x648.jpg","datePublished":"2021-10-03T05:31:52+00:00","dateModified":"2023-07-05T12:44:57+00:00","breadcrumb":{"@id":"https:\/\/jungleup.io\/es\/blog\/#breadcrumb"},"inLanguage":"es","potentialAction":[{"@type":"ReadAction","target":["https:\/\/jungleup.io\/es\/blog\/"]}]},{"@type":"ImageObject","inLanguage":"es","@id":"https:\/\/jungleup.io\/es\/blog\/#primaryimage","url":"https:\/\/jungleup.io\/wp-content\/uploads\/2022\/10\/ameliorer-referencement-grace-blog-540x648.jpg","contentUrl":"https:\/\/jungleup.io\/wp-content\/uploads\/2022\/10\/ameliorer-referencement-grace-blog-540x648.jpg"},{"@type":"BreadcrumbList","@id":"https:\/\/jungleup.io\/es\/blog\/#breadcrumb","itemListElement":[{"@type":"ListItem","position":1,"name":"Accueil","item":"https:\/\/jungleup.io\/es\/"},{"@type":"ListItem","position":2,"name":"Blog"}]},{"@type":"WebSite","@id":"https:\/\/jungleup.io\/es\/#website","url":"https:\/\/jungleup.io\/es\/","name":"JungleUp","description":"","publisher":{"@id":"https:\/\/jungleup.io\/es\/#organization"},"potentialAction":[{"@type":"SearchAction","target":{"@type":"EntryPoint","urlTemplate":"https:\/\/jungleup.io\/es\/?s={search_term_string}"},"query-input":{"@type":"PropertyValueSpecification","valueRequired":true,"valueName":"search_term_string"}}],"inLanguage":"es"},{"@type":"Organization","@id":"https:\/\/jungleup.io\/es\/#organization","name":"JungleUp","url":"https:\/\/jungleup.io\/es\/","logo":{"@type":"ImageObject","inLanguage":"es","@id":"https:\/\/jungleup.io\/es\/#\/schema\/logo\/image\/","url":"https:\/\/jungleup.io\/wp-content\/uploads\/2022\/06\/JU-Logo-Normal.png","contentUrl":"https:\/\/jungleup.io\/wp-content\/uploads\/2022\/06\/JU-Logo-Normal.png","width":4825,"height":1650,"caption":"JungleUp"},"image":{"@id":"https:\/\/jungleup.io\/es\/#\/schema\/logo\/image\/"}}]}},"_links":{"self":[{"href":"https:\/\/jungleup.io\/es\/wp-json\/wp\/v2\/pages\/16328","targetHints":{"allow":["GET"]}}],"collection":[{"href":"https:\/\/jungleup.io\/es\/wp-json\/wp\/v2\/pages"}],"about":[{"href":"https:\/\/jungleup.io\/es\/wp-json\/wp\/v2\/types\/page"}],"author":[{"embeddable":true,"href":"https:\/\/jungleup.io\/es\/wp-json\/wp\/v2\/users\/1"}],"replies":[{"embeddable":true,"href":"https:\/\/jungleup.io\/es\/wp-json\/wp\/v2\/comments?post=16328"}],"version-history":[{"count":3,"href":"https:\/\/jungleup.io\/es\/wp-json\/wp\/v2\/pages\/16328\/revisions"}],"predecessor-version":[{"id":16331,"href":"https:\/\/jungleup.io\/es\/wp-json\/wp\/v2\/pages\/16328\/revisions\/16331"}],"wp:attachment":[{"href":"https:\/\/jungleup.io\/es\/wp-json\/wp\/v2\/media?parent=16328"}],"curies":[{"name":"wp","href":"https:\/\/api.w.org\/{rel}","templated":true}]}}