{"id":3,"date":"2022-06-07T20:54:59","date_gmt":"2022-06-07T20:54:59","guid":{"rendered":"http:\/\/jungleup.io\/?page_id=3"},"modified":"2023-04-25T09:02:51","modified_gmt":"2023-04-25T08:02:51","slug":"mentions-legales","status":"publish","type":"page","link":"https:\/\/jungleup.io\/fr\/mentions-legales\/","title":{"rendered":"Mentions l\u00e9gales"},"content":{"rendered":"\t\t<div data-elementor-type=\"wp-page\" data-elementor-id=\"3\" class=\"elementor elementor-3\">\n\t\t\t\t\t\t<section class=\"elementor-section elementor-top-section elementor-element elementor-element-20ea27cb elementor-section-boxed elementor-section-height-default elementor-section-height-default\" data-id=\"20ea27cb\" data-element_type=\"section\">\n\t\t\t\t\t\t<div class=\"elementor-container elementor-column-gap-default\">\n\t\t\t\t\t<div class=\"elementor-column elementor-col-100 elementor-top-column elementor-element elementor-element-4039079f\" data-id=\"4039079f\" data-element_type=\"column\">\n\t\t\t<div class=\"elementor-widget-wrap elementor-element-populated\">\n\t\t\t\t\t\t<div class=\"elementor-element-custom_font_family elementor-element-custom_font_weight elementor-element-custom_color elementor-element elementor-element-2f5941ad elementor-widget elementor-widget-text-editor\" data-id=\"2f5941ad\" data-element_type=\"widget\" data-widget_type=\"text-editor.default\">\n\t\t\t\t<div class=\"elementor-widget-container\">\n\t\t\t\t\t\t\t<p><!-- wp:heading --><\/p>\n<p>Bienvenue sur notre site internet : jungleup.io<\/p>\n<p>En utilisant ce site Web, vous acceptez de vous conformer aux termes de la pr\u00e9sente notice l\u00e9gale. Si vous n\u2019acceptez pas les dits termes, abstenez-vous d\u2019utiliser ce site Web. Nous pouvons \u00eatre amen\u00e9s \u00e0 modifier les pr\u00e9sentes conditions et ainsi, en continuant \u00e0 utiliser le site Web apr\u00e8s que des modifications aient \u00e9t\u00e9 annonc\u00e9es, vous acceptez la notice l\u00e9gale modifi\u00e9e et vous y soumettez.<\/p>\n<div class=\"wp-block-spacer\" aria-hidden=\"true\">\u00a0<\/div>\n<h2>1. Pr\u00e9sentation du site<\/h2>\n<p><strong>Conception et infog\u00e9rance :<\/strong><br \/>Maxime Lamboley<br \/>31 rue du chanoine boulanger<br \/>54220 Malz\u00e9ville<br \/>789 404 993 R.C.S. Nancy<\/p>\n<p><strong>H\u00e9bergeur :<\/strong><br \/>OVH<br \/>2 rue Kellermann<br \/>59100 ROUBAIX \u2013 France<br \/>http:\/\/www.ovh.com\/fr\/support\/<\/p>\n<p><strong>Responsable de publication :<\/strong><br \/>Maxime Lamboley<br \/>hello{@}}jungleup.io<\/p>\n<div class=\"wp-block-spacer\" aria-hidden=\"true\">\u00a0<\/div>\n<h2>2. Avertissement G\u00e9n\u00e9ral<\/h2>\n<p>Nous essayons de vous offrir des informations actualis\u00e9es sur son site Web mais ne faisons aucune d\u00e9claration ni ne consentons aucune garantie ou engagement quant \u00e0 l\u2019exactitude, l\u2019actualit\u00e9 ou l\u2019exhaustivit\u00e9 des informations fournies. JungleUp d\u00e9cline toute responsabilit\u00e9 en cas de dommages et int\u00e9r\u00eats ou dommages d\u00e9coulant de tout acc\u00e8s ou impossibilit\u00e9 d\u2019acc\u00e8s au site Web ou de l\u2019utilisation de toute information fournie sur le site Web.<\/p>\n<p>En parcourant ce site, vous acceptez que les contenus et informations pr\u00e9sent\u00e9s puissent contenir des erreurs ou inexactitudes involontaires, et nous excluons express\u00e9ment toute responsabilit\u00e9 pour de telles inexactitudes ou erreurs dans toute la mesure permise par la loi.<\/p>\n<p>Ce site Web peut fournir des liens ou des r\u00e9f\u00e9rences \u00e0 d\u2019autres sites non contr\u00f4l\u00e9s par JungleUp. En cons\u00e9quence, JungleUp d\u00e9cline toute responsabilit\u00e9 quant aux contenus de ces autres sites et ne saurait \u00eatre tenu responsable de tous dommages-int\u00e9r\u00eats ou dommages d\u00e9coulant de l\u2019utilisation ou recours \u00e0 de tels contenus ni de l\u2019acc\u00e8s ou de l\u2019impossibilit\u00e9 d\u2019acc\u00e8s \u00e0 ces sites.<\/p>\n<p>Il vous incombe de vous assurer que tous les produits, services ou informations disponibles sur ce site r\u00e9pondent \u00e0 vos exigences.<\/p>\n<p>En cons\u00e9quence, il appartient \u00e0 l\u2019internaute d\u2019utiliser les informations figurant sur le site Internet \u00e0 ses propres risques et de proc\u00e9der \u00e0 toute v\u00e9rification sous sa responsabilit\u00e9 exclusive.<\/p>\n<p>Le contenu de notre site pouvant pr\u00e9senter des informations en lien avec les march\u00e9s financiers, nous vous rappelons que<\/p>\n<ul>\n<li>la plupart des placements pr\u00e9sentent un risque de perte en capital ,<\/li>\n<li>tout type de cr\u00e9dit repr\u00e9sente un engagement et qu\u2019il vous incombe donc de vous assurer de vos capacit\u00e9s \u00e0 le rembourser.<\/li>\n<\/ul>\n<p>Nous vous encourageons \u00e0 demander syst\u00e9matiquement conseil \u00e0 un conseiller financier. Les conseils pr\u00e9sent\u00e9s dans ce blog ne substituent pas un conseil financier professionnel.<\/p>\n<p>De temps en temps, le contenu de notre site peut \u00e9galement inclure des liens vers d\u2019autres sites internet. Ces liens sont rendus disponibles pour votre commodit\u00e9 afin de vous fournir plus d\u2019informations sur une th\u00e9matique donn\u00e9e. Ils ne signifient pas que nous approuvons les sites en question. Nous n\u2019avons aucune responsabilit\u00e9 concernant le contenu du ou des sites vers lesquels nous redirigeons.<\/p>\n<div class=\"wp-block-spacer\" aria-hidden=\"true\">\u00a0<\/div>\n<h2>3. Propri\u00e9t\u00e9 intellectuelle<\/h2>\n<p>Les droits d\u2019auteur attach\u00e9s \u00e0 tout contenu fourni sur ce site Web, c\u2019est \u00e0 dire les donn\u00e9es, textes, photos, vid\u00e9os, logos, designs, layouts et autres \u00e9l\u00e9ments reproduits sur le site, appartiennent \u00e0 JungleUp ou au propri\u00e9taire tiers du contenu.<\/p>\n<p>Sous r\u00e9serve des stipulations des pr\u00e9sentes, aucun contenu de ce site Web ne peut \u00eatre copi\u00e9, reproduit, distribu\u00e9, republi\u00e9, t\u00e9l\u00e9charg\u00e9, affich\u00e9, mis en ligne ni transmis sous quelque forme et de quelque mani\u00e8re que ce soit, y compris notamment sous forme \u00e9lectronique, photocopie m\u00e9canique, enregistrement ou autre sans l\u2019autorisation \u00e9crite pr\u00e9alable de JungleUp ou du propri\u00e9taire tiers du contenu.<\/p>\n<p>L\u2019utilisation non autoris\u00e9e d\u2019un contenu de ce site peut constituer une violation des lois relatives aux droits d\u2019auteur, aux r\u00e9glementations relatives \u00e0 la confidentialit\u00e9 et \u00e0 la publicit\u00e9 et aux lois et r\u00e9glementations r\u00e9gissant les communications ainsi que toutes autres lois nationales et locales.<\/p>\n<p>Tout manquement \u00e0 ces dispositions sera consid\u00e9r\u00e9 constitutif de contrefa\u00e7on et poursuivi conform\u00e9ment aux dispositions des articles L.335-2 et suivants du Code de Propri\u00e9t\u00e9 Intellectuelle.<\/p>\n<p>Les copyright ou le cr\u00e9dit des photographies pr\u00e9sents sur JungleUp sont signal\u00e9s directement dans les articles lorsqu\u2019elles proviennent d\u2019un professionnel avec son accord. \u00c0 d\u00e9faut, certaines images ou photographies peuvent provenir du site de photos libres de droit Envato Elements (https:\/\/elements.envato.com\/)<\/p>\n<p><!-- \/wp:paragraph --><\/p>\t\t\t\t\t\t<\/div>\n\t\t\t\t<\/div>\n\t\t\t\t\t<\/div>\n\t\t<\/div>\n\t\t\t\t\t<\/div>\n\t\t<\/section>\n\t\t\t\t<\/div>\n\t\t","protected":false},"excerpt":{"rendered":"<p>Bienvenue sur notre site internet : jungleup.io En utilisant ce site Web, vous acceptez de vous conformer aux termes de la pr\u00e9sente notice l\u00e9gale. Si vous n\u2019acceptez pas les dits termes, abstenez-vous d\u2019utiliser ce site Web. Nous pouvons \u00eatre amen\u00e9s \u00e0 modifier les pr\u00e9sentes conditions et ainsi, en continuant \u00e0 utiliser le site Web apr\u00e8s [&hellip;]<\/p>\n","protected":false},"author":1,"featured_media":0,"parent":0,"menu_order":0,"comment_status":"closed","ping_status":"open","template":"","meta":{"inline_featured_image":false,"footnotes":""},"class_list":["post-3","page","type-page","status-publish","hentry"],"yoast_head":"<!-- This site is optimized with the Yoast SEO plugin v26.8 - https:\/\/yoast.com\/product\/yoast-seo-wordpress\/ -->\n<title>Mentions l\u00e9gales - JungleUp<\/title>\n<meta name=\"robots\" content=\"index, follow, max-snippet:-1, max-image-preview:large, max-video-preview:-1\" \/>\n<link rel=\"canonical\" href=\"https:\/\/jungleup.io\/fr\/mentions-legales\/\" \/>\n<meta property=\"og:locale\" content=\"fr_FR\" \/>\n<meta property=\"og:type\" content=\"article\" \/>\n<meta property=\"og:title\" content=\"Mentions l\u00e9gales - JungleUp\" \/>\n<meta property=\"og:description\" content=\"Bienvenue sur notre site internet : jungleup.io En utilisant ce site Web, vous acceptez de vous conformer aux termes de la pr\u00e9sente notice l\u00e9gale. Si vous n\u2019acceptez pas les dits termes, abstenez-vous d\u2019utiliser ce site Web. Nous pouvons \u00eatre amen\u00e9s \u00e0 modifier les pr\u00e9sentes conditions et ainsi, en continuant \u00e0 utiliser le site Web apr\u00e8s [&hellip;]\" \/>\n<meta property=\"og:url\" content=\"https:\/\/jungleup.io\/fr\/mentions-legales\/\" \/>\n<meta property=\"og:site_name\" content=\"JungleUp\" \/>\n<meta property=\"article:modified_time\" content=\"2023-04-25T08:02:51+00:00\" \/>\n<meta name=\"twitter:card\" content=\"summary_large_image\" \/>\n<meta name=\"twitter:label1\" content=\"Dur\u00e9e de lecture estim\u00e9e\" \/>\n\t<meta name=\"twitter:data1\" content=\"4 minutes\" \/>\n<script type=\"application\/ld+json\" class=\"yoast-schema-graph\">{\"@context\":\"https:\/\/schema.org\",\"@graph\":[{\"@type\":\"WebPage\",\"@id\":\"https:\/\/jungleup.io\/fr\/mentions-legales\/\",\"url\":\"https:\/\/jungleup.io\/fr\/mentions-legales\/\",\"name\":\"Mentions l\u00e9gales - JungleUp\",\"isPartOf\":{\"@id\":\"https:\/\/jungleup.io\/fr\/#website\"},\"datePublished\":\"2022-06-07T20:54:59+00:00\",\"dateModified\":\"2023-04-25T08:02:51+00:00\",\"breadcrumb\":{\"@id\":\"https:\/\/jungleup.io\/fr\/mentions-legales\/#breadcrumb\"},\"inLanguage\":\"fr-FR\",\"potentialAction\":[{\"@type\":\"ReadAction\",\"target\":[\"https:\/\/jungleup.io\/fr\/mentions-legales\/\"]}]},{\"@type\":\"BreadcrumbList\",\"@id\":\"https:\/\/jungleup.io\/fr\/mentions-legales\/#breadcrumb\",\"itemListElement\":[{\"@type\":\"ListItem\",\"position\":1,\"name\":\"Accueil\",\"item\":\"https:\/\/jungleup.io\/fr\/\"},{\"@type\":\"ListItem\",\"position\":2,\"name\":\"Mentions l\u00e9gales\"}]},{\"@type\":\"WebSite\",\"@id\":\"https:\/\/jungleup.io\/fr\/#website\",\"url\":\"https:\/\/jungleup.io\/fr\/\",\"name\":\"JungleUp\",\"description\":\"\",\"publisher\":{\"@id\":\"https:\/\/jungleup.io\/fr\/#organization\"},\"potentialAction\":[{\"@type\":\"SearchAction\",\"target\":{\"@type\":\"EntryPoint\",\"urlTemplate\":\"https:\/\/jungleup.io\/fr\/?s={search_term_string}\"},\"query-input\":{\"@type\":\"PropertyValueSpecification\",\"valueRequired\":true,\"valueName\":\"search_term_string\"}}],\"inLanguage\":\"fr-FR\"},{\"@type\":\"Organization\",\"@id\":\"https:\/\/jungleup.io\/fr\/#organization\",\"name\":\"JungleUp\",\"url\":\"https:\/\/jungleup.io\/fr\/\",\"logo\":{\"@type\":\"ImageObject\",\"inLanguage\":\"fr-FR\",\"@id\":\"https:\/\/jungleup.io\/fr\/#\/schema\/logo\/image\/\",\"url\":\"https:\/\/jungleup.io\/wp-content\/uploads\/2022\/06\/JU-Logo-Normal.png\",\"contentUrl\":\"https:\/\/jungleup.io\/wp-content\/uploads\/2022\/06\/JU-Logo-Normal.png\",\"width\":4825,\"height\":1650,\"caption\":\"JungleUp\"},\"image\":{\"@id\":\"https:\/\/jungleup.io\/fr\/#\/schema\/logo\/image\/\"}}]}<\/script>\n<!-- \/ Yoast SEO plugin. -->","yoast_head_json":{"title":"Mentions l\u00e9gales - JungleUp","robots":{"index":"index","follow":"follow","max-snippet":"max-snippet:-1","max-image-preview":"max-image-preview:large","max-video-preview":"max-video-preview:-1"},"canonical":"https:\/\/jungleup.io\/fr\/mentions-legales\/","og_locale":"fr_FR","og_type":"article","og_title":"Mentions l\u00e9gales - JungleUp","og_description":"Bienvenue sur notre site internet : jungleup.io En utilisant ce site Web, vous acceptez de vous conformer aux termes de la pr\u00e9sente notice l\u00e9gale. Si vous n\u2019acceptez pas les dits termes, abstenez-vous d\u2019utiliser ce site Web. Nous pouvons \u00eatre amen\u00e9s \u00e0 modifier les pr\u00e9sentes conditions et ainsi, en continuant \u00e0 utiliser le site Web apr\u00e8s [&hellip;]","og_url":"https:\/\/jungleup.io\/fr\/mentions-legales\/","og_site_name":"JungleUp","article_modified_time":"2023-04-25T08:02:51+00:00","twitter_card":"summary_large_image","twitter_misc":{"Dur\u00e9e de lecture estim\u00e9e":"4 minutes"},"schema":{"@context":"https:\/\/schema.org","@graph":[{"@type":"WebPage","@id":"https:\/\/jungleup.io\/fr\/mentions-legales\/","url":"https:\/\/jungleup.io\/fr\/mentions-legales\/","name":"Mentions l\u00e9gales - JungleUp","isPartOf":{"@id":"https:\/\/jungleup.io\/fr\/#website"},"datePublished":"2022-06-07T20:54:59+00:00","dateModified":"2023-04-25T08:02:51+00:00","breadcrumb":{"@id":"https:\/\/jungleup.io\/fr\/mentions-legales\/#breadcrumb"},"inLanguage":"fr-FR","potentialAction":[{"@type":"ReadAction","target":["https:\/\/jungleup.io\/fr\/mentions-legales\/"]}]},{"@type":"BreadcrumbList","@id":"https:\/\/jungleup.io\/fr\/mentions-legales\/#breadcrumb","itemListElement":[{"@type":"ListItem","position":1,"name":"Accueil","item":"https:\/\/jungleup.io\/fr\/"},{"@type":"ListItem","position":2,"name":"Mentions l\u00e9gales"}]},{"@type":"WebSite","@id":"https:\/\/jungleup.io\/fr\/#website","url":"https:\/\/jungleup.io\/fr\/","name":"JungleUp","description":"","publisher":{"@id":"https:\/\/jungleup.io\/fr\/#organization"},"potentialAction":[{"@type":"SearchAction","target":{"@type":"EntryPoint","urlTemplate":"https:\/\/jungleup.io\/fr\/?s={search_term_string}"},"query-input":{"@type":"PropertyValueSpecification","valueRequired":true,"valueName":"search_term_string"}}],"inLanguage":"fr-FR"},{"@type":"Organization","@id":"https:\/\/jungleup.io\/fr\/#organization","name":"JungleUp","url":"https:\/\/jungleup.io\/fr\/","logo":{"@type":"ImageObject","inLanguage":"fr-FR","@id":"https:\/\/jungleup.io\/fr\/#\/schema\/logo\/image\/","url":"https:\/\/jungleup.io\/wp-content\/uploads\/2022\/06\/JU-Logo-Normal.png","contentUrl":"https:\/\/jungleup.io\/wp-content\/uploads\/2022\/06\/JU-Logo-Normal.png","width":4825,"height":1650,"caption":"JungleUp"},"image":{"@id":"https:\/\/jungleup.io\/fr\/#\/schema\/logo\/image\/"}}]}},"_links":{"self":[{"href":"https:\/\/jungleup.io\/fr\/wp-json\/wp\/v2\/pages\/3","targetHints":{"allow":["GET"]}}],"collection":[{"href":"https:\/\/jungleup.io\/fr\/wp-json\/wp\/v2\/pages"}],"about":[{"href":"https:\/\/jungleup.io\/fr\/wp-json\/wp\/v2\/types\/page"}],"author":[{"embeddable":true,"href":"https:\/\/jungleup.io\/fr\/wp-json\/wp\/v2\/users\/1"}],"replies":[{"embeddable":true,"href":"https:\/\/jungleup.io\/fr\/wp-json\/wp\/v2\/comments?post=3"}],"version-history":[{"count":9,"href":"https:\/\/jungleup.io\/fr\/wp-json\/wp\/v2\/pages\/3\/revisions"}],"predecessor-version":[{"id":13959,"href":"https:\/\/jungleup.io\/fr\/wp-json\/wp\/v2\/pages\/3\/revisions\/13959"}],"wp:attachment":[{"href":"https:\/\/jungleup.io\/fr\/wp-json\/wp\/v2\/media?parent=3"}],"curies":[{"name":"wp","href":"https:\/\/api.w.org\/{rel}","templated":true}]}}